{"id":49,"date":"2022-03-26T09:26:25","date_gmt":"2022-03-26T09:26:25","guid":{"rendered":"https:\/\/www.hschmid-it.de\/?page_id=49"},"modified":"2022-04-01T18:42:55","modified_gmt":"2022-04-01T18:42:55","slug":"hs-dataset","status":"publish","type":"page","link":"https:\/\/www.hschmid-it.de\/?page_id=49","title":{"rendered":"hs.dataset"},"content":{"rendered":"<p>[vc_row][vc_column][vc_column_text]hs.dataset ist eine Unit, die die Arbeit mit Delphi-Datasets erleichtert. hs.dataset stellt ein Interface IhsDataset zur Verf\u00fcgung, das \u00fcber vielerlei Funktionen manche Routinearbeiten mit Datentabellen erledigen l\u00e4sst.<\/p>\n<p>Detaillierte Hilfe und eine Liste der Funktionen dieses Interfaces finden sich auf der <a href=\"https:\/\/doku.hschmid-it.de\/hsdataset\/hsdataset.html\" target=\"_blank\" rel=\"noopener\">Hilfeseite<\/a> zur Unit hs.dataset.pas.[\/vc_column_text][\/vc_column][\/vc_row][vc_row][vc_column][vc_raw_html]JTNDc2NyaXB0JTIwbGFuZ3VhZ2UlM0QlMjJKYXZhU2NyaXB0JTIyJTIwc3JjJTNEJTIyaHR0cHMlM0ElMkYlMkZ3d3cuYmVzdWNoZXJ6YWVobGVyLWtvc3Rlbmxvcy5kZSUyRmpzJTJGY291bnRlci5qcy5waHAlM0Zjb3VudCUzRDElMjZpZCUzRHd3dy5oc2NobWlkLWl0LmRlJTI2c3RhcnQlM0QxJTI2ZGVzaWduJTNEMWUlMjIlM0UlM0MlMkZzY3JpcHQlM0U=[\/vc_raw_html][\/vc_column][\/vc_row]<\/p>\n","protected":false},"excerpt":{"rendered":"<p>[vc_row][vc_column][vc_column_text]hs.dataset ist eine Unit, die die Arbeit mit Delphi-Datasets erleichtert. hs.dataset stellt ein Interface IhsDataset zur Verf\u00fcgung, das \u00fcber vielerlei Funktionen manche Routinearbeiten mit Datentabellen erledigen l\u00e4sst. Detaillierte Hilfe und eine Liste der Funktionen dieses Interfaces finden sich auf der Hilfeseite zur Unit hs.dataset.pas.[\/vc_column_text][\/vc_column][\/vc_row][vc_row][vc_column][vc_raw_html]JTNDc2NyaXB0JTIwbGFuZ3VhZ2UlM0QlMjJKYXZhU2NyaXB0JTIyJTIwc3JjJTNEJTIyaHR0cHMlM0ElMkYlMkZ3d3cuYmVzdWNoZXJ6YWVobGVyLWtvc3Rlbmxvcy5kZSUyRmpzJTJGY291bnRlci5qcy5waHAlM0Zjb3VudCUzRDElMjZpZCUzRHd3dy5oc2NobWlkLWl0LmRlJTI2c3RhcnQlM0QxJTI2ZGVzaWduJTNEMWUlMjIlM0UlM0MlMkZzY3JpcHQlM0U=[\/vc_raw_html][\/vc_column][\/vc_row]<\/p>\n","protected":false},"author":1,"featured_media":0,"parent":0,"menu_order":0,"comment_status":"closed","ping_status":"closed","template":"","meta":{"footnotes":""},"class_list":["post-49","page","type-page","status-publish","hentry"],"_links":{"self":[{"href":"https:\/\/www.hschmid-it.de\/index.php?rest_route=\/wp\/v2\/pages\/49","targetHints":{"allow":["GET"]}}],"collection":[{"href":"https:\/\/www.hschmid-it.de\/index.php?rest_route=\/wp\/v2\/pages"}],"about":[{"href":"https:\/\/www.hschmid-it.de\/index.php?rest_route=\/wp\/v2\/types\/page"}],"author":[{"embeddable":true,"href":"https:\/\/www.hschmid-it.de\/index.php?rest_route=\/wp\/v2\/users\/1"}],"replies":[{"embeddable":true,"href":"https:\/\/www.hschmid-it.de\/index.php?rest_route=%2Fwp%2Fv2%2Fcomments&post=49"}],"version-history":[{"count":8,"href":"https:\/\/www.hschmid-it.de\/index.php?rest_route=\/wp\/v2\/pages\/49\/revisions"}],"predecessor-version":[{"id":212,"href":"https:\/\/www.hschmid-it.de\/index.php?rest_route=\/wp\/v2\/pages\/49\/revisions\/212"}],"wp:attachment":[{"href":"https:\/\/www.hschmid-it.de\/index.php?rest_route=%2Fwp%2Fv2%2Fmedia&parent=49"}],"curies":[{"name":"wp","href":"https:\/\/api.w.org\/{rel}","templated":true}]}}