{"id":15,"date":"2022-03-04T13:49:30","date_gmt":"2022-03-04T13:49:30","guid":{"rendered":"https:\/\/www.hschmid-it.de\/?page_id=15"},"modified":"2022-04-01T18:40:24","modified_gmt":"2022-04-01T18:40:24","slug":"actionlists","status":"publish","type":"page","link":"https:\/\/www.hschmid-it.de\/?page_id=15","title":{"rendered":"ActionLists"},"content":{"rendered":"<p>[vc_row][vc_column][vc_column_text]Alle Ihre Datenbank-Abfragen an einer Stelle &#8211; aus unterschiedlichen Datenquellen und Servern.<br \/>\nVerkn\u00fcpfen Sie Daten aus SQLServer, MySQL, SQLite&#8230;<br \/>\nDefinieren Sie Aktionen f\u00fcr einzelne Datens\u00e4tze<br \/>\noder ganze Ergebnismengen.[\/vc_column_text][\/vc_column][\/vc_row][vc_row][vc_column][vc_single_image image=&#8220;37&#8243; img_size=&#8220;full&#8220; alignment=&#8220;center&#8220; style=&#8220;vc_box_shadow&#8220;][\/vc_column][\/vc_row][vc_row][vc_column][vc_raw_html]JTNDc2NyaXB0JTIwbGFuZ3VhZ2UlM0QlMjJKYXZhU2NyaXB0JTIyJTIwc3JjJTNEJTIyaHR0cHMlM0ElMkYlMkZ3d3cuYmVzdWNoZXJ6YWVobGVyLWtvc3Rlbmxvcy5kZSUyRmpzJTJGY291bnRlci5qcy5waHAlM0Zjb3VudCUzRDElMjZpZCUzRHd3dy5oc2NobWlkLWl0LmRlJTI2c3RhcnQlM0QxJTI2ZGVzaWduJTNEMWUlMjIlM0UlM0MlMkZzY3JpcHQlM0U=[\/vc_raw_html][\/vc_column][\/vc_row]<\/p>\n","protected":false},"excerpt":{"rendered":"<p>[vc_row][vc_column][vc_column_text]Alle Ihre Datenbank-Abfragen an einer Stelle &#8211; aus unterschiedlichen Datenquellen und Servern. Verkn\u00fcpfen Sie Daten aus SQLServer, MySQL, SQLite&#8230; Definieren Sie Aktionen f\u00fcr einzelne Datens\u00e4tze oder ganze Ergebnismengen.[\/vc_column_text][\/vc_column][\/vc_row][vc_row][vc_column][vc_single_image image=&#8220;37&#8243; img_size=&#8220;full&#8220; alignment=&#8220;center&#8220; style=&#8220;vc_box_shadow&#8220;][\/vc_column][\/vc_row][vc_row][vc_column][vc_raw_html]JTNDc2NyaXB0JTIwbGFuZ3VhZ2UlM0QlMjJKYXZhU2NyaXB0JTIyJTIwc3JjJTNEJTIyaHR0cHMlM0ElMkYlMkZ3d3cuYmVzdWNoZXJ6YWVobGVyLWtvc3Rlbmxvcy5kZSUyRmpzJTJGY291bnRlci5qcy5waHAlM0Zjb3VudCUzRDElMjZpZCUzRHd3dy5oc2NobWlkLWl0LmRlJTI2c3RhcnQlM0QxJTI2ZGVzaWduJTNEMWUlMjIlM0UlM0MlMkZzY3JpcHQlM0U=[\/vc_raw_html][\/vc_column][\/vc_row]<\/p>\n","protected":false},"author":1,"featured_media":0,"parent":0,"menu_order":0,"comment_status":"closed","ping_status":"closed","template":"","meta":{"footnotes":""},"class_list":["post-15","page","type-page","status-publish","hentry"],"_links":{"self":[{"href":"https:\/\/www.hschmid-it.de\/index.php?rest_route=\/wp\/v2\/pages\/15","targetHints":{"allow":["GET"]}}],"collection":[{"href":"https:\/\/www.hschmid-it.de\/index.php?rest_route=\/wp\/v2\/pages"}],"about":[{"href":"https:\/\/www.hschmid-it.de\/index.php?rest_route=\/wp\/v2\/types\/page"}],"author":[{"embeddable":true,"href":"https:\/\/www.hschmid-it.de\/index.php?rest_route=\/wp\/v2\/users\/1"}],"replies":[{"embeddable":true,"href":"https:\/\/www.hschmid-it.de\/index.php?rest_route=%2Fwp%2Fv2%2Fcomments&post=15"}],"version-history":[{"count":8,"href":"https:\/\/www.hschmid-it.de\/index.php?rest_route=\/wp\/v2\/pages\/15\/revisions"}],"predecessor-version":[{"id":211,"href":"https:\/\/www.hschmid-it.de\/index.php?rest_route=\/wp\/v2\/pages\/15\/revisions\/211"}],"wp:attachment":[{"href":"https:\/\/www.hschmid-it.de\/index.php?rest_route=%2Fwp%2Fv2%2Fmedia&parent=15"}],"curies":[{"name":"wp","href":"https:\/\/api.w.org\/{rel}","templated":true}]}}